{"id":4696,"date":"2025-08-26T11:50:18","date_gmt":"2025-08-26T11:50:18","guid":{"rendered":"https:\/\/www.heldeco.at\/?page_id=4696"},"modified":"2025-08-26T11:55:24","modified_gmt":"2025-08-26T11:55:24","slug":"metalltechnikerin","status":"publish","type":"page","link":"https:\/\/www.heldeco.at\/en\/metalltechnikerin\/","title":{"rendered":"Metalltechniker:in"},"content":{"rendered":"\t\t<div data-elementor-type=\"wp-page\" data-elementor-id=\"4696\" class=\"elementor elementor-4696\" data-elementor-settings=\"{&quot;ha_cmc_init_switcher&quot;:&quot;no&quot;}\" data-elementor-post-type=\"page\">\n\t\t\t\t\t\t<section class=\"elementor-section elementor-top-section elementor-element elementor-element-76cd7ed elementor-section-boxed elementor-section-height-default elementor-section-height-default\" data-id=\"76cd7ed\" data-element_type=\"section\" data-settings=\"{&quot;_ha_eqh_enable&quot;:false}\">\n\t\t\t\t\t\t<div class=\"elementor-container elementor-column-gap-default\">\n\t\t\t\t\t<div class=\"elementor-column elementor-col-100 elementor-top-column elementor-element elementor-element-8865de7\" data-id=\"8865de7\" data-element_type=\"column\">\n\t\t\t<div class=\"elementor-widget-wrap elementor-element-populated\">\n\t\t\t\t\t\t<div class=\"elementor-element elementor-element-0f7f85d elementor-widget elementor-widget-heading\" data-id=\"0f7f85d\" data-element_type=\"widget\" data-widget_type=\"heading.default\">\n\t\t\t\t<div class=\"elementor-widget-container\">\n\t\t\t\t\t<h2 class=\"elementor-heading-title elementor-size-default\">Schlagen Sie jetzt eine Laufbahn bei HELDECO ein<\/h2>\t\t\t\t<\/div>\n\t\t\t\t<\/div>\n\t\t\t\t\t<\/div>\n\t\t<\/div>\n\t\t\t\t\t<\/div>\n\t\t<\/section>\n\t\t\t\t<section class=\"elementor-section elementor-top-section elementor-element elementor-element-9a0d8af elementor-section-boxed elementor-section-height-default elementor-section-height-default\" data-id=\"9a0d8af\" data-element_type=\"section\" data-settings=\"{&quot;_ha_eqh_enable&quot;:false}\">\n\t\t\t\t\t\t<div class=\"elementor-container elementor-column-gap-default\">\n\t\t\t\t\t<div class=\"elementor-column elementor-col-100 elementor-top-column elementor-element elementor-element-df0a2ba\" data-id=\"df0a2ba\" data-element_type=\"column\">\n\t\t\t<div class=\"elementor-widget-wrap elementor-element-populated\">\n\t\t\t\t\t\t<div class=\"elementor-element elementor-element-5084ec9 elementor-widget elementor-widget-text-editor\" data-id=\"5084ec9\" data-element_type=\"widget\" data-widget_type=\"text-editor.default\">\n\t\t\t\t<div class=\"elementor-widget-container\">\n\t\t\t\t\t\t\t\t\t<p>Wir sind ein europaweit f\u00fchrender Hersteller von anspruchsvollen Systeml\u00f6sungen, einbaufertigen Komponenten und komplexen Ersatzteilen in Erstausr\u00fcsterqualit\u00e4t. Als eigent\u00fcmergef\u00fchrter Technologiebetrieb sind wir seit \u00fcber 30 Jahren branchen\u00fcbergreifend als flexibler Partner von weltweit agierenden Auftraggebern t\u00e4tig.\u00a0<span style=\"color: var( --e-global-color-text ); font-family: var( --e-global-typography-text-font-family ), Sans-serif; font-weight: var( --e-global-typography-text-font-weight );\">Wir sind spezialisiert auf High-End-Anforderungen, maximale Qualit\u00e4t und gro\u00dfdimensionale Komponenten mit einer L\u00e4nge von bis zu 12 Metern \u2013 unter bestimmten Voraussetzungen sogar bis zu 20 Metern \u2013 und 30 Tonnen St\u00fcckgewicht.<\/span><span style=\"color: var( --e-global-color-text ); font-family: var( --e-global-typography-text-font-family ), Sans-serif; font-weight: var( --e-global-typography-text-font-weight );\">\u00a0<\/span><\/p><p>Zur Erweiterung unsers kompetenten Teams besetzen wir ab sofort zus\u00e4tzlich folgende Stelle in unserer Verwaltung:<\/p><h3>Metalltechniker:in \/ Schlosser:in \/ Schwei\u00dfer:in (m\/w\/x)<\/h3><p><strong>Ihre Aufgaben<\/strong><\/p><ul><li>MAG\/MIG- und Elektrodenschwei\u00dfen (Zertifikate von Vorteil, jedoch nicht zwingend)<\/li><li>Instandhaltung, S\u00e4gen, Entgraten, Verschleifen und Verpacken von Werkst\u00fccken<\/li><li>Logistikaufgaben inkl. Stapler-Be- und Entladungen<\/li><\/ul><div>\u00a0<\/div><p><strong>Ihr Profil<\/strong><\/p><ul><li>Teamorientierung und Freude am Werkstoff Metall<\/li><li>Stapler- und Kranschein, handwerkliches Geschick<\/li><li>Sorgf\u00e4ltige, genaue Arbeitsweise<\/li><li>Bereitschaft zum 2-Schicht-Betrieb (38,5-Stunden-Woche)<\/li><\/ul><p><strong>\u00a0<\/strong><\/p><p><strong>Wir bieten Ihnen<\/strong><\/p><ul><li>Abwechslungsreiche Aufgaben in einem innovativen Umfeld<\/li><li>Famili\u00e4res Betriebsklima und kurze Entscheidungswege<\/li><li>Umfassende Einschulung\/Onboarding<\/li><li>Moderne Arbeitspl\u00e4tze und strukturierte Prozesse<\/li><li>Zahlreiche Benefits<\/li><\/ul><p><strong>\u00a0<\/strong><\/p><p><strong>Entlohnung <\/strong><\/p><ul><li>Entlohnung gem\u00e4\u00df Kollektivvertrag der metallverarbeitenden Industrie (Lohngruppe D bei abgeschlossener LAP), zuz\u00fcglich Schicht- und Schmutzzulagen. Eine \u00dcberzahlung ist bei entsprechender Qualifikation und Erfahrung m\u00f6glich.<\/li><\/ul><p><strong>\u00a0<\/strong><\/p><p>Wir sind stolz auf unsere Mitarbeiter:innen und bieten einen\u00a0<span style=\"font-weight: bolder;\">sicheren und fixen Arbeitsplatz<\/span>. Unser\u00a0<span style=\"font-weight: bolder;\">angenehmes Betriebsklima<\/span>\u00a0sorgt daf\u00fcr, dass sich Mitarbeiter:innen lange wohl bei uns f\u00fchlen. Wir haben Ihr Interesse geweckt? Dann bewerben Sie sich bitte mit Ihrem Lebenslauf sowie Ihren Abschlusszeugnissen. Nutzen Sie daf\u00fcr das Formular unten oder schicken Sie Ihre Bewerbung per Mail direkt an Sabine Dettenweitz unter\u00a0<a style=\"background-color: #ffffff;\" href=\"mailto:sabine.dettenweitz@heldeco.at\">sabine.dettenweitz@heldeco.at<\/a>. Wir freuen uns \u00fcber Ihre Bewerbung!<\/p>\t\t\t\t\t\t\t\t<\/div>\n\t\t\t\t<\/div>\n\t\t\t\t\t<\/div>\n\t\t<\/div>\n\t\t\t\t\t<\/div>\n\t\t<\/section>\n\t\t\t\t<section class=\"elementor-section elementor-top-section elementor-element elementor-element-06ece33 elementor-section-boxed elementor-section-height-default elementor-section-height-default\" data-id=\"06ece33\" data-element_type=\"section\" data-settings=\"{&quot;_ha_eqh_enable&quot;:false}\">\n\t\t\t\t\t\t<div class=\"elementor-container elementor-column-gap-default\">\n\t\t\t\t\t<div class=\"elementor-column elementor-col-50 elementor-top-column elementor-element elementor-element-e2ab3b6\" data-id=\"e2ab3b6\" data-element_type=\"column\">\n\t\t\t<div class=\"elementor-widget-wrap elementor-element-populated\">\n\t\t\t\t\t\t<div class=\"elementor-element elementor-element-30b9c42 elementor-align-center elementor-widget elementor-widget-button\" data-id=\"30b9c42\" data-element_type=\"widget\" data-widget_type=\"button.default\">\n\t\t\t\t<div class=\"elementor-widget-container\">\n\t\t\t\t\t\t\t\t\t<div class=\"elementor-button-wrapper\">\n\t\t\t\t\t<a class=\"elementor-button elementor-button-link elementor-size-sm\" href=\"https:\/\/www.heldeco.at\/jobangebote\/\">\n\t\t\t\t\t\t<span class=\"elementor-button-content-wrapper\">\n\t\t\t\t\t\t\t\t\t<span class=\"elementor-button-text\">zur\u00fcck zu offene Stellen<\/span>\n\t\t\t\t\t<\/span>\n\t\t\t\t\t<\/a>\n\t\t\t\t<\/div>\n\t\t\t\t\t\t\t\t<\/div>\n\t\t\t\t<\/div>\n\t\t\t\t\t<\/div>\n\t\t<\/div>\n\t\t\t\t<div class=\"elementor-column elementor-col-50 elementor-top-column elementor-element elementor-element-8826101\" data-id=\"8826101\" data-element_type=\"column\">\n\t\t\t<div class=\"elementor-widget-wrap elementor-element-populated\">\n\t\t\t\t\t\t<div class=\"elementor-element elementor-element-2a02e8a elementor-align-center elementor-widget elementor-widget-button\" data-id=\"2a02e8a\" data-element_type=\"widget\" data-widget_type=\"button.default\">\n\t\t\t\t<div class=\"elementor-widget-container\">\n\t\t\t\t\t\t\t\t\t<div class=\"elementor-button-wrapper\">\n\t\t\t\t\t<a class=\"elementor-button elementor-button-link elementor-size-sm\" href=\"mailto:sabine.dettenweitz@heldeco.at\">\n\t\t\t\t\t\t<span class=\"elementor-button-content-wrapper\">\n\t\t\t\t\t\t\t\t\t<span class=\"elementor-button-text\">Jetzt bewerben<\/span>\n\t\t\t\t\t<\/span>\n\t\t\t\t\t<\/a>\n\t\t\t\t<\/div>\n\t\t\t\t\t\t\t\t<\/div>\n\t\t\t\t<\/div>\n\t\t\t\t\t<\/div>\n\t\t<\/div>\n\t\t\t\t\t<\/div>\n\t\t<\/section>\n\t\t\t\t<section class=\"elementor-section elementor-top-section elementor-element elementor-element-644e77f elementor-section-boxed elementor-section-height-default elementor-section-height-default\" data-id=\"644e77f\" data-element_type=\"section\" data-settings=\"{&quot;_ha_eqh_enable&quot;:false}\">\n\t\t\t\t\t\t<div class=\"elementor-container elementor-column-gap-default\">\n\t\t\t\t\t<div class=\"elementor-column elementor-col-100 elementor-top-column elementor-element elementor-element-6fe03dc\" data-id=\"6fe03dc\" data-element_type=\"column\">\n\t\t\t<div class=\"elementor-widget-wrap elementor-element-populated\">\n\t\t\t\t\t\t<div class=\"elementor-element elementor-element-6d319b6 elementor-widget elementor-widget-heading\" data-id=\"6d319b6\" data-element_type=\"widget\" data-widget_type=\"heading.default\">\n\t\t\t\t<div class=\"elementor-widget-container\">\n\t\t\t\t\t<h2 class=\"elementor-heading-title elementor-size-default\">Bewerbungsformular<\/h2>\t\t\t\t<\/div>\n\t\t\t\t<\/div>\n\t\t\t\t\t<\/div>\n\t\t<\/div>\n\t\t\t\t\t<\/div>\n\t\t<\/section>\n\t\t\t\t<section class=\"elementor-section elementor-top-section elementor-element elementor-element-2cfa026 elementor-section-boxed elementor-section-height-default elementor-section-height-default\" data-id=\"2cfa026\" data-element_type=\"section\" data-settings=\"{&quot;_ha_eqh_enable&quot;:false}\">\n\t\t\t\t\t\t<div class=\"elementor-container elementor-column-gap-default\">\n\t\t\t\t\t<div class=\"elementor-column elementor-col-100 elementor-top-column elementor-element elementor-element-35db8f6\" data-id=\"35db8f6\" data-element_type=\"column\">\n\t\t\t<div class=\"elementor-widget-wrap elementor-element-populated\">\n\t\t\t\t\t\t<div class=\"elementor-element elementor-element-946ab72 elementor-button-align-stretch elementor-widget elementor-widget-form\" data-id=\"946ab72\" data-element_type=\"widget\" data-settings=\"{&quot;step_next_label&quot;:&quot;N\\u00e4chster&quot;,&quot;step_previous_label&quot;:&quot;Voriger&quot;,&quot;button_width&quot;:&quot;100&quot;,&quot;step_type&quot;:&quot;number_text&quot;,&quot;step_icon_shape&quot;:&quot;circle&quot;}\" data-widget_type=\"form.default\">\n\t\t\t\t<div class=\"elementor-widget-container\">\n\t\t\t\t\t\t\t<form class=\"elementor-form\" method=\"post\" name=\"Neues Formular\" aria-label=\"Neues Formular\">\n\t\t\t<input type=\"hidden\" name=\"post_id\" value=\"4696\"\/>\n\t\t\t<input type=\"hidden\" name=\"form_id\" value=\"946ab72\"\/>\n\t\t\t<input type=\"hidden\" name=\"referer_title\" value=\"Metalltechniker:in\" \/>\n\n\t\t\t\t\t\t\t<input type=\"hidden\" name=\"queried_id\" value=\"4696\"\/>\n\t\t\t\n\t\t\t<div class=\"elementor-form-fields-wrapper elementor-labels-above\">\n\t\t\t\t\t\t\t\t<div class=\"elementor-field-type-text elementor-field-group elementor-column elementor-field-group-name elementor-col-100 elementor-field-required elementor-mark-required\">\n\t\t\t\t\t\t\t\t\t\t\t\t<label for=\"form-field-name\" class=\"elementor-field-label\">\n\t\t\t\t\t\t\t\tName\t\t\t\t\t\t\t<\/label>\n\t\t\t\t\t\t\t\t\t\t\t\t\t\t<input size=\"1\" type=\"text\" name=\"form_fields[name]\" id=\"form-field-name\" class=\"elementor-field elementor-size-sm  elementor-field-textual\" placeholder=\"Name\" required=\"required\">\n\t\t\t\t\t\t\t\t\t\t\t<\/div>\n\t\t\t\t\t\t\t\t<div class=\"elementor-field-type-email elementor-field-group elementor-column elementor-field-group-email elementor-col-100 elementor-field-required elementor-mark-required\">\n\t\t\t\t\t\t\t\t\t\t\t\t<label for=\"form-field-email\" class=\"elementor-field-label\">\n\t\t\t\t\t\t\t\tE-Mail\t\t\t\t\t\t\t<\/label>\n\t\t\t\t\t\t\t\t\t\t\t\t\t\t<input size=\"1\" type=\"email\" name=\"form_fields[email]\" id=\"form-field-email\" class=\"elementor-field elementor-size-sm  elementor-field-textual\" placeholder=\"E-Mail\" required=\"required\">\n\t\t\t\t\t\t\t\t\t\t\t<\/div>\n\t\t\t\t\t\t\t\t<div class=\"elementor-field-type-textarea elementor-field-group elementor-column elementor-field-group-message elementor-col-100\">\n\t\t\t\t\t\t\t\t\t\t\t\t<label for=\"form-field-message\" class=\"elementor-field-label\">\n\t\t\t\t\t\t\t\tNachricht\t\t\t\t\t\t\t<\/label>\n\t\t\t\t\t\t<textarea class=\"elementor-field-textual elementor-field  elementor-size-sm\" name=\"form_fields[message]\" id=\"form-field-message\" rows=\"4\" placeholder=\"Nachricht\"><\/textarea>\t\t\t\t<\/div>\n\t\t\t\t\t\t\t\t<div class=\"elementor-field-type-upload elementor-field-group elementor-column elementor-field-group-field_27b0441 elementor-col-100 elementor-field-required elementor-mark-required\">\n\t\t\t\t\t\t\t\t\t\t\t\t<label for=\"form-field-field_27b0441\" class=\"elementor-field-label\">\n\t\t\t\t\t\t\t\tLebenslauf\t\t\t\t\t\t\t<\/label>\n\t\t\t\t\t\t\t\t<input type=\"file\" name=\"form_fields[field_27b0441][]\" id=\"form-field-field_27b0441\" class=\"elementor-field elementor-size-sm  elementor-upload-field\" required=\"required\" multiple=\"multiple\">\n\n\t\t\t\t\t\t<\/div>\n\t\t\t\t\t\t\t\t<div class=\"elementor-field-group elementor-column elementor-field-type-submit elementor-col-100 e-form__buttons\">\n\t\t\t\t\t<button class=\"elementor-button elementor-size-sm\" type=\"submit\">\n\t\t\t\t\t\t<span class=\"elementor-button-content-wrapper\">\n\t\t\t\t\t\t\t\t\t\t\t\t\t\t\t\t\t\t\t\t\t\t<span class=\"elementor-button-text\">Senden<\/span>\n\t\t\t\t\t\t\t\t\t\t\t\t\t<\/span>\n\t\t\t\t\t<\/button>\n\t\t\t\t<\/div>\n\t\t\t<\/div>\n\t\t<\/form>\n\t\t\t\t\t\t<\/div>\n\t\t\t\t<\/div>\n\t\t\t\t\t<\/div>\n\t\t<\/div>\n\t\t\t\t\t<\/div>\n\t\t<\/section>\n\t\t\t\t<\/div>\n\t\t","protected":false},"excerpt":{"rendered":"<p>Schlagen Sie jetzt eine Laufbahn bei HELDECO ein Wir sind ein europaweit f\u00fchrender Hersteller von anspruchsvollen Systeml\u00f6sungen, einbaufertigen Komponenten und komplexen Ersatzteilen in Erstausr\u00fcsterqualit\u00e4t. Als eigent\u00fcmergef\u00fchrter Technologiebetrieb sind wir seit \u00fcber 30 Jahren branchen\u00fcbergreifend als flexibler Partner von weltweit agierenden Auftraggebern t\u00e4tig.\u00a0Wir sind spezialisiert auf High-End-Anforderungen, maximale Qualit\u00e4t und gro\u00dfdimensionale Komponenten mit einer L\u00e4nge von [&hellip;]<\/p>\n","protected":false},"author":5,"featured_media":0,"parent":0,"menu_order":0,"comment_status":"closed","ping_status":"closed","template":"","meta":{"footnotes":""},"class_list":["post-4696","page","type-page","status-publish","hentry"],"_links":{"self":[{"href":"https:\/\/www.heldeco.at\/en\/wp-json\/wp\/v2\/pages\/4696","targetHints":{"allow":["GET"]}}],"collection":[{"href":"https:\/\/www.heldeco.at\/en\/wp-json\/wp\/v2\/pages"}],"about":[{"href":"https:\/\/www.heldeco.at\/en\/wp-json\/wp\/v2\/types\/page"}],"author":[{"embeddable":true,"href":"https:\/\/www.heldeco.at\/en\/wp-json\/wp\/v2\/users\/5"}],"replies":[{"embeddable":true,"href":"https:\/\/www.heldeco.at\/en\/wp-json\/wp\/v2\/comments?post=4696"}],"version-history":[{"count":3,"href":"https:\/\/www.heldeco.at\/en\/wp-json\/wp\/v2\/pages\/4696\/revisions"}],"predecessor-version":[{"id":4699,"href":"https:\/\/www.heldeco.at\/en\/wp-json\/wp\/v2\/pages\/4696\/revisions\/4699"}],"wp:attachment":[{"href":"https:\/\/www.heldeco.at\/en\/wp-json\/wp\/v2\/media?parent=4696"}],"curies":[{"name":"wp","href":"https:\/\/api.w.org\/{rel}","templated":true}]}}