{"id":4147,"date":"2024-01-19T16:14:35","date_gmt":"2024-01-19T16:14:35","guid":{"rendered":"https:\/\/www.heldeco.at\/?page_id=4147"},"modified":"2024-01-19T16:30:55","modified_gmt":"2024-01-19T16:30:55","slug":"fehlverhalten-melden-2","status":"publish","type":"page","link":"https:\/\/www.heldeco.at\/en\/fehlverhalten-melden-2\/","title":{"rendered":"Fehlverhalten melden"},"content":{"rendered":"\t\t<div data-elementor-type=\"wp-page\" data-elementor-id=\"4147\" class=\"elementor elementor-4147\" data-elementor-settings=\"{&quot;ha_cmc_init_switcher&quot;:&quot;no&quot;}\" data-elementor-post-type=\"page\">\n\t\t\t\t\t\t<section class=\"elementor-section elementor-top-section elementor-element elementor-element-55f78b0 elementor-section-boxed elementor-section-height-default elementor-section-height-default\" data-id=\"55f78b0\" data-element_type=\"section\" data-settings=\"{&quot;_ha_eqh_enable&quot;:false}\">\n\t\t\t\t\t\t<div class=\"elementor-container elementor-column-gap-default\">\n\t\t\t\t\t<div class=\"elementor-column elementor-col-100 elementor-top-column elementor-element elementor-element-947d442\" data-id=\"947d442\" data-element_type=\"column\">\n\t\t\t<div class=\"elementor-widget-wrap elementor-element-populated\">\n\t\t\t\t\t\t<div class=\"elementor-element elementor-element-1a01789 elementor-widget elementor-widget-heading\" data-id=\"1a01789\" data-element_type=\"widget\" data-widget_type=\"heading.default\">\n\t\t\t\t<div class=\"elementor-widget-container\">\n\t\t\t\t\t<h2 class=\"elementor-heading-title elementor-size-default\">Fehlverhalten melden<\/h2>\t\t\t\t<\/div>\n\t\t\t\t<\/div>\n\t\t\t\t\t<\/div>\n\t\t<\/div>\n\t\t\t\t\t<\/div>\n\t\t<\/section>\n\t\t\t\t<section class=\"elementor-section elementor-top-section elementor-element elementor-element-376e501 elementor-section-boxed elementor-section-height-default elementor-section-height-default\" data-id=\"376e501\" data-element_type=\"section\" data-settings=\"{&quot;_ha_eqh_enable&quot;:false}\">\n\t\t\t\t\t\t<div class=\"elementor-container elementor-column-gap-default\">\n\t\t\t\t\t<div class=\"elementor-column elementor-col-100 elementor-top-column elementor-element elementor-element-67e2e98\" data-id=\"67e2e98\" data-element_type=\"column\">\n\t\t\t<div class=\"elementor-widget-wrap elementor-element-populated\">\n\t\t\t\t\t\t<div class=\"elementor-element elementor-element-d5a7d1f elementor-widget elementor-widget-text-editor\" data-id=\"d5a7d1f\" data-element_type=\"widget\" data-widget_type=\"text-editor.default\">\n\t\t\t\t<div class=\"elementor-widget-container\">\n\t\t\t\t\t\t\t\t\t<p>F\u00fcr HELDECO ist es entscheidend, nach den geltenden Gesetzen und Rechtsvorschriften zu agieren. Daher m\u00f6chten wir unseren Mitarbeiter:innen, Gesch\u00e4ftspartner:innen und auch externen Personen erm\u00f6glichen, einen Verdacht auf Verst\u00f6\u00dfe gegen Gesetze oder interne Richtlinien in verschiedenen Bereichen zu melden. F\u00fcr uns steht der pers\u00f6nliche Austausch insbesondere im Hinblick auf eine bei HELDECO hochgehaltene Kultur der Transparenz und offenen Kommunikation an erster Stelle.<\/p><p>Daher bieten wir Ihnen eine Reihe von M\u00f6glichkeiten, um pers\u00f6nlich mit uns im Falle eines potenziellen Fehlverhaltens in Kontakt zu treten:<\/p><ul><li>Helmut Dettenweitz, Eigent\u00fcmer von HELDECO (m\u00fcndlich unter +43 3863 27880 und per Mail an helmut.dettenweitz@heldeco.at)<\/li><li>Gesch\u00e4ftsf\u00fchrung von HELDECO (m\u00fcndlich unter +43 3863 27880 und per Mail an heldeco@heldeco.at)<\/li><li>Prokuristin von HELDECO (m\u00fcndlich unter +43 3863 27880 und per Mail an sabine.dettenweitz@heldeco.at)<\/li><li>Ihr direkte:r Vorgesetze:r (f\u00fcr den Fall, dass Sie bei HELDECO besch\u00e4ftigt sind) <\/li><\/ul>\t\t\t\t\t\t\t\t<\/div>\n\t\t\t\t<\/div>\n\t\t\t\t\t<\/div>\n\t\t<\/div>\n\t\t\t\t\t<\/div>\n\t\t<\/section>\n\t\t\t\t<section class=\"elementor-section elementor-top-section elementor-element elementor-element-5d89627 elementor-section-boxed elementor-section-height-default elementor-section-height-default\" data-id=\"5d89627\" data-element_type=\"section\" data-settings=\"{&quot;_ha_eqh_enable&quot;:false}\">\n\t\t\t\t\t\t<div class=\"elementor-container elementor-column-gap-default\">\n\t\t\t\t\t<div class=\"elementor-column elementor-col-100 elementor-top-column elementor-element elementor-element-1612cc0\" data-id=\"1612cc0\" data-element_type=\"column\">\n\t\t\t<div class=\"elementor-widget-wrap elementor-element-populated\">\n\t\t\t\t\t\t<div class=\"elementor-element elementor-element-b4bf00e elementor-widget elementor-widget-text-editor\" data-id=\"b4bf00e\" data-element_type=\"widget\" data-widget_type=\"text-editor.default\">\n\t\t\t\t<div class=\"elementor-widget-container\">\n\t\t\t\t\t\t\t\t\t<p>Wir respektieren, falls Sie dennoch anonym bleiben m\u00f6chten. Hierf\u00fcr haben wir folgende M\u00f6glichkeit implementiert:<\/p><ul><li>Webbasiertes Hinweisgebersystem (erm\u00f6glicht Mitarbeiter:innenn als auch externen Hinweisgeber:innen eine Meldung auf anonymer Basis)<\/li><\/ul>\t\t\t\t\t\t\t\t<\/div>\n\t\t\t\t<\/div>\n\t\t\t\t\t<\/div>\n\t\t<\/div>\n\t\t\t\t\t<\/div>\n\t\t<\/section>\n\t\t\t\t<section class=\"elementor-section elementor-top-section elementor-element elementor-element-fcfd382 elementor-section-boxed elementor-section-height-default elementor-section-height-default\" data-id=\"fcfd382\" data-element_type=\"section\" data-settings=\"{&quot;_ha_eqh_enable&quot;:false}\">\n\t\t\t\t\t\t<div class=\"elementor-container elementor-column-gap-default\">\n\t\t\t\t\t<div class=\"elementor-column elementor-col-100 elementor-top-column elementor-element elementor-element-5f3014c\" data-id=\"5f3014c\" data-element_type=\"column\">\n\t\t\t<div class=\"elementor-widget-wrap elementor-element-populated\">\n\t\t\t\t\t\t<div class=\"elementor-element elementor-element-f5fb46c elementor-widget elementor-widget-text-editor\" data-id=\"f5fb46c\" data-element_type=\"widget\" data-widget_type=\"text-editor.default\">\n\t\t\t\t<div class=\"elementor-widget-container\">\n\t\t\t\t\t\t\t\t\t<h2>Webbasiertes Hinweisgebersystem<\/h2>\n<p>Unser webbasiertes Hinweisgebersystem bietet Ihnen eine sichere, HELDECO und dem\/der Hinweisgeber:in zug\u00e4ngliche Plattform, auf der Sie Ihre Informationen vertraulich weitergeben k\u00f6nnen Sie haben die M\u00f6glichkeit, Ihre Meldung entweder unter Ihrem Namen oder anonym zu t\u00e4tigen. Wir f\u00f6rdern eine transparente Unternehmenskultur und ermutigen zur Namensnennung, respektieren jedoch Ihre Entscheidung zur Anonymit\u00e4t. F\u00fcr diesen Fall stellen wir einen besonders gesch\u00fctzten, anonymen Kommunikationsweg bereit.<\/p>\n<p>Dies ist von Bedeutung, da im Zuge der Bearbeitung Ihres Hinweises R\u00fcckfragen auftreten k\u00f6nnen, bei denen Ihre Mithilfe unerl\u00e4sslich ist.<\/p>\n<h2>Bearbeitungsteam<\/h2>\n<p>Jede Meldung wird von unserer\/unserem Whistleblowing-Beauftragten in Zusammenarbeit mit der Gesch\u00e4ftsf\u00fchrung und Produktionsleitung objektiv und unparteiisch \u00fcberpr\u00fcft. Im Bedarfsfall wird der zust\u00e4ndige Fachbereich hinzugezogen.<\/p>\n<h2>\u00dcber das zum Einsatz kommende Hinweisgebersystem<\/h2>\n<p>F\u00fcr die Kommunikation nutzt HELDECO das Online-Tool Trusty. Der Hersteller des Tools, Trusty AG, ist ein Anbieter von webbasierten, sicheren und anonymen internen Meldesystemen namens Trusty. Die Trusty AG garantiert die technische Anonymit\u00e4t der meldenden Personen und stellt sicher, dass ihre Identit\u00e4t mit technischen Mitteln nicht zur\u00fcckverfolgt werden kann. Die Datenbank ist verschl\u00fcsselt und wird auf virtuellen Servern in Hochsicherheitsrechenzentren in der EU gehostet (zur Website).<\/p>\t\t\t\t\t\t\t\t<\/div>\n\t\t\t\t<\/div>\n\t\t\t\t\t<\/div>\n\t\t<\/div>\n\t\t\t\t\t<\/div>\n\t\t<\/section>\n\t\t\t\t<section class=\"elementor-section elementor-top-section elementor-element elementor-element-bc5851f elementor-section-boxed elementor-section-height-default elementor-section-height-default\" data-id=\"bc5851f\" data-element_type=\"section\" data-settings=\"{&quot;_ha_eqh_enable&quot;:false}\">\n\t\t\t\t\t\t<div class=\"elementor-container elementor-column-gap-default\">\n\t\t\t\t\t<div class=\"elementor-column elementor-col-100 elementor-top-column elementor-element elementor-element-b52a7f7\" data-id=\"b52a7f7\" data-element_type=\"column\">\n\t\t\t<div class=\"elementor-widget-wrap elementor-element-populated\">\n\t\t\t\t\t\t<div class=\"elementor-element elementor-element-0f81e1b elementor-align-center elementor-widget elementor-widget-button\" data-id=\"0f81e1b\" data-element_type=\"widget\" data-widget_type=\"button.default\">\n\t\t\t\t<div class=\"elementor-widget-container\">\n\t\t\t\t\t\t\t\t\t<div class=\"elementor-button-wrapper\">\n\t\t\t\t\t<a class=\"elementor-button elementor-button-link elementor-size-sm\" href=\"https:\/\/heldeco.trusty.report\/\">\n\t\t\t\t\t\t<span class=\"elementor-button-content-wrapper\">\n\t\t\t\t\t\t\t\t\t<span class=\"elementor-button-text\">Fehlverhalten \u00fcber das webbasierte Hinweisgebersystem melden<\/span>\n\t\t\t\t\t<\/span>\n\t\t\t\t\t<\/a>\n\t\t\t\t<\/div>\n\t\t\t\t\t\t\t\t<\/div>\n\t\t\t\t<\/div>\n\t\t\t\t\t<\/div>\n\t\t<\/div>\n\t\t\t\t\t<\/div>\n\t\t<\/section>\n\t\t\t\t<\/div>\n\t\t","protected":false},"excerpt":{"rendered":"<p>Fehlverhalten melden F\u00fcr HELDECO ist es entscheidend, nach den geltenden Gesetzen und Rechtsvorschriften zu agieren. Daher m\u00f6chten wir unseren Mitarbeiter:innen, Gesch\u00e4ftspartner:innen und auch externen Personen erm\u00f6glichen, einen Verdacht auf Verst\u00f6\u00dfe gegen Gesetze oder interne Richtlinien in verschiedenen Bereichen zu melden. F\u00fcr uns steht der pers\u00f6nliche Austausch insbesondere im Hinblick auf eine bei HELDECO hochgehaltene Kultur [&hellip;]<\/p>\n","protected":false},"author":5,"featured_media":0,"parent":0,"menu_order":0,"comment_status":"closed","ping_status":"closed","template":"","meta":{"footnotes":""},"class_list":["post-4147","page","type-page","status-publish","hentry"],"_links":{"self":[{"href":"https:\/\/www.heldeco.at\/en\/wp-json\/wp\/v2\/pages\/4147","targetHints":{"allow":["GET"]}}],"collection":[{"href":"https:\/\/www.heldeco.at\/en\/wp-json\/wp\/v2\/pages"}],"about":[{"href":"https:\/\/www.heldeco.at\/en\/wp-json\/wp\/v2\/types\/page"}],"author":[{"embeddable":true,"href":"https:\/\/www.heldeco.at\/en\/wp-json\/wp\/v2\/users\/5"}],"replies":[{"embeddable":true,"href":"https:\/\/www.heldeco.at\/en\/wp-json\/wp\/v2\/comments?post=4147"}],"version-history":[{"count":7,"href":"https:\/\/www.heldeco.at\/en\/wp-json\/wp\/v2\/pages\/4147\/revisions"}],"predecessor-version":[{"id":4158,"href":"https:\/\/www.heldeco.at\/en\/wp-json\/wp\/v2\/pages\/4147\/revisions\/4158"}],"wp:attachment":[{"href":"https:\/\/www.heldeco.at\/en\/wp-json\/wp\/v2\/media?parent=4147"}],"curies":[{"name":"wp","href":"https:\/\/api.w.org\/{rel}","templated":true}]}}