{"id":3602,"date":"2023-04-25T12:38:03","date_gmt":"2023-04-25T12:38:03","guid":{"rendered":"https:\/\/www.heldeco.at\/?page_id=3602"},"modified":"2025-11-10T14:56:12","modified_gmt":"2025-11-10T14:56:12","slug":"lehre-betriebslogistik","status":"publish","type":"page","link":"https:\/\/www.heldeco.at\/en\/lehre-betriebslogistik\/","title":{"rendered":"Lehre Betriebslogistik"},"content":{"rendered":"\t\t<div data-elementor-type=\"wp-page\" data-elementor-id=\"3602\" class=\"elementor elementor-3602\" data-elementor-settings=\"{&quot;ha_cmc_init_switcher&quot;:&quot;no&quot;}\" data-elementor-post-type=\"page\">\n\t\t\t\t\t\t<section class=\"elementor-section elementor-top-section elementor-element elementor-element-84e4ec8 elementor-section-boxed elementor-section-height-default elementor-section-height-default\" data-id=\"84e4ec8\" data-element_type=\"section\" data-settings=\"{&quot;_ha_eqh_enable&quot;:false}\">\n\t\t\t\t\t\t<div class=\"elementor-container elementor-column-gap-default\">\n\t\t\t\t\t<div class=\"elementor-column elementor-col-100 elementor-top-column elementor-element elementor-element-c708d82\" data-id=\"c708d82\" data-element_type=\"column\">\n\t\t\t<div class=\"elementor-widget-wrap elementor-element-populated\">\n\t\t\t\t\t\t<div class=\"elementor-element elementor-element-02803bb elementor-widget elementor-widget-heading\" data-id=\"02803bb\" data-element_type=\"widget\" data-widget_type=\"heading.default\">\n\t\t\t\t<div class=\"elementor-widget-container\">\n\t\t\t\t\t<p class=\"elementor-heading-title elementor-size-default\"><h5 data-elementor-setting-key=\"title\" data-pen-placeholder=\"Eingabe hier...\" style=\"font-family: var( --e-global-typography-primary-font-family ), Sans-serif;font-weight: var( --e-global-typography-primary-font-weight )\">Alles logisch? <\/h5>Lehre als Betriebslogistiker:in<\/p>\t\t\t\t<\/div>\n\t\t\t\t<\/div>\n\t\t\t\t\t<\/div>\n\t\t<\/div>\n\t\t\t\t\t<\/div>\n\t\t<\/section>\n\t\t\t\t<section class=\"elementor-section elementor-top-section elementor-element elementor-element-00471c1 elementor-section-boxed elementor-section-height-default elementor-section-height-default\" data-id=\"00471c1\" data-element_type=\"section\" data-settings=\"{&quot;_ha_eqh_enable&quot;:false}\">\n\t\t\t\t\t\t<div class=\"elementor-container elementor-column-gap-default\">\n\t\t\t\t\t<div class=\"elementor-column elementor-col-100 elementor-top-column elementor-element elementor-element-1df2f22\" data-id=\"1df2f22\" data-element_type=\"column\">\n\t\t\t<div class=\"elementor-widget-wrap elementor-element-populated\">\n\t\t\t\t\t\t<div class=\"elementor-element elementor-element-7371b40 elementor-widget elementor-widget-heading\" data-id=\"7371b40\" data-element_type=\"widget\" data-widget_type=\"heading.default\">\n\t\t\t\t<div class=\"elementor-widget-container\">\n\t\t\t\t\t<h2 class=\"elementor-heading-title elementor-size-default\">Lehre Betriebslogistik<\/h2>\t\t\t\t<\/div>\n\t\t\t\t<\/div>\n\t\t\t\t<div class=\"elementor-element elementor-element-dc5c0ca elementor-widget elementor-widget-text-editor\" data-id=\"dc5c0ca\" data-element_type=\"widget\" data-widget_type=\"text-editor.default\">\n\t\t\t\t<div class=\"elementor-widget-container\">\n\t\t\t\t\t\t\t\t\t<p>Die Lehre zum Betriebslogistiker bei HELDECO ist eine praxisorientierte Ausbildung in einem modernen und innovativen Unternehmen. W\u00e4hrend deiner Ausbildung erlernst du alle wichtigen Aspekte der betrieblichen Logistik, wie zum Beispiel<\/p><ul><li>die Planung und Koordination von Transporten,<\/li><li>die \u00dcberwachung von Bestellungen und Lieferungen sowie<\/li><li>die Organisation von Warenlagern und Versandabteilungen.<\/li><\/ul><p>Du wirst kontinuierlich den Warenfluss analysieren und Verbesserungsma\u00dfnahmen entwickeln, um den Material- und Informationsfluss im Unternehmen zu optimieren. Hierbei wirst du eng mit anderen Abteilungen zusammenarbeiten, um Prozesse zu standardisieren und Schnittstellen zu optimieren. Des Weiteren bist du verantwortlich f\u00fcr die Einhaltung von gesetzlichen Vorschriften sowie f\u00fcr die Durchf\u00fchrung von Inventuren und Bestandsanalysen. Dabei wirst du moderne IT-Systeme nutzen und Daten analysieren, um Entscheidungen zu treffen und Prozesse zu verbessern.<\/p><p>Als Betriebslogistiker bei HELDECO bist du Teil eines engagierten und hochqualifizierten Teams, das kontinuierlich an der Verbesserung von Abl\u00e4ufen und Prozessen arbeitet.Du hast die M\u00f6glichkeit, deine F\u00e4higkeiten und Kenntnisse in einem dynamischen Umfeld einzubringen und weiterzuentwickeln.<\/p>\t\t\t\t\t\t\t\t<\/div>\n\t\t\t\t<\/div>\n\t\t\t\t<div class=\"elementor-element elementor-element-f2c1600 elementor-widget elementor-widget-spacer\" data-id=\"f2c1600\" data-element_type=\"widget\" data-widget_type=\"spacer.default\">\n\t\t\t\t<div class=\"elementor-widget-container\">\n\t\t\t\t\t\t\t<div class=\"elementor-spacer\">\n\t\t\t<div class=\"elementor-spacer-inner\"><\/div>\n\t\t<\/div>\n\t\t\t\t\t\t<\/div>\n\t\t\t\t<\/div>\n\t\t\t\t\t<\/div>\n\t\t<\/div>\n\t\t\t\t\t<\/div>\n\t\t<\/section>\n\t\t\t\t<section class=\"elementor-section elementor-top-section elementor-element elementor-element-ac29fb2 elementor-section-boxed elementor-section-height-default elementor-section-height-default\" data-id=\"ac29fb2\" data-element_type=\"section\" data-settings=\"{&quot;background_background&quot;:&quot;classic&quot;,&quot;_ha_eqh_enable&quot;:false}\">\n\t\t\t\t\t\t<div class=\"elementor-container elementor-column-gap-default\">\n\t\t\t\t\t<div class=\"elementor-column elementor-col-33 elementor-top-column elementor-element elementor-element-1b3647c\" data-id=\"1b3647c\" data-element_type=\"column\">\n\t\t\t<div class=\"elementor-widget-wrap elementor-element-populated\">\n\t\t\t\t\t\t<div class=\"elementor-element elementor-element-7d39b99 elementor-widget elementor-widget-counter\" data-id=\"7d39b99\" data-element_type=\"widget\" data-widget_type=\"counter.default\">\n\t\t\t\t<div class=\"elementor-widget-container\">\n\t\t\t\t\t\t\t<div class=\"elementor-counter\">\n\t\t\t<div class=\"elementor-counter-title\">unserer Lehrlinge schafften die Lehrabschlusspr\u00fcfung im ersten Anlauf<\/div>\t\t\t<div class=\"elementor-counter-number-wrapper\">\n\t\t\t\t<span class=\"elementor-counter-number-prefix\"><\/span>\n\t\t\t\t<span class=\"elementor-counter-number\" data-duration=\"2000\" data-to-value=\"100\" data-from-value=\"0\" data-delimiter=\",\">0<\/span>\n\t\t\t\t<span class=\"elementor-counter-number-suffix\"> %<\/span>\n\t\t\t<\/div>\n\t\t<\/div>\n\t\t\t\t\t\t<\/div>\n\t\t\t\t<\/div>\n\t\t\t\t\t<\/div>\n\t\t<\/div>\n\t\t\t\t<div class=\"elementor-column elementor-col-33 elementor-top-column elementor-element elementor-element-6e82041\" data-id=\"6e82041\" data-element_type=\"column\">\n\t\t\t<div class=\"elementor-widget-wrap elementor-element-populated\">\n\t\t\t\t\t\t<div class=\"elementor-element elementor-element-c41e33a elementor-widget elementor-widget-counter\" data-id=\"c41e33a\" data-element_type=\"widget\" data-widget_type=\"counter.default\">\n\t\t\t\t<div class=\"elementor-widget-container\">\n\t\t\t\t\t\t\t<div class=\"elementor-counter\">\n\t\t\t<div class=\"elementor-counter-title\">unserer Mitarbeiter:innen sind im Unternehmen ausgebildet worden<\/div>\t\t\t<div class=\"elementor-counter-number-wrapper\">\n\t\t\t\t<span class=\"elementor-counter-number-prefix\"><\/span>\n\t\t\t\t<span class=\"elementor-counter-number\" data-duration=\"2000\" data-to-value=\"60\" data-from-value=\"0\" data-delimiter=\",\">0<\/span>\n\t\t\t\t<span class=\"elementor-counter-number-suffix\"> %<\/span>\n\t\t\t<\/div>\n\t\t<\/div>\n\t\t\t\t\t\t<\/div>\n\t\t\t\t<\/div>\n\t\t\t\t\t<\/div>\n\t\t<\/div>\n\t\t\t\t<div class=\"elementor-column elementor-col-33 elementor-top-column elementor-element elementor-element-8781da5\" data-id=\"8781da5\" data-element_type=\"column\">\n\t\t\t<div class=\"elementor-widget-wrap elementor-element-populated\">\n\t\t\t\t\t\t<div class=\"elementor-element elementor-element-3e9b0af elementor-widget elementor-widget-counter\" data-id=\"3e9b0af\" data-element_type=\"widget\" data-widget_type=\"counter.default\">\n\t\t\t\t<div class=\"elementor-widget-container\">\n\t\t\t\t\t\t\t<div class=\"elementor-counter\">\n\t\t\t<div class=\"elementor-counter-title\">unserer F\u00fchrungspositionen sind mit ehemaligen HELDECO-Lehrlingen besetzt<\/div>\t\t\t<div class=\"elementor-counter-number-wrapper\">\n\t\t\t\t<span class=\"elementor-counter-number-prefix\"><\/span>\n\t\t\t\t<span class=\"elementor-counter-number\" data-duration=\"2000\" data-to-value=\"36\" data-from-value=\"0\" data-delimiter=\",\">0<\/span>\n\t\t\t\t<span class=\"elementor-counter-number-suffix\"> %<\/span>\n\t\t\t<\/div>\n\t\t<\/div>\n\t\t\t\t\t\t<\/div>\n\t\t\t\t<\/div>\n\t\t\t\t\t<\/div>\n\t\t<\/div>\n\t\t\t\t\t<\/div>\n\t\t<\/section>\n\t\t\t\t<section class=\"elementor-section elementor-top-section elementor-element elementor-element-fa3dd87 elementor-section-boxed elementor-section-height-default elementor-section-height-default\" data-id=\"fa3dd87\" data-element_type=\"section\" data-settings=\"{&quot;_ha_eqh_enable&quot;:false}\">\n\t\t\t\t\t\t<div class=\"elementor-container elementor-column-gap-default\">\n\t\t\t\t\t<div class=\"elementor-column elementor-col-100 elementor-top-column elementor-element elementor-element-ae0ff64\" data-id=\"ae0ff64\" data-element_type=\"column\">\n\t\t\t<div class=\"elementor-widget-wrap elementor-element-populated\">\n\t\t\t\t\t\t<div class=\"elementor-element elementor-element-4180ae4 elementor-widget elementor-widget-spacer\" data-id=\"4180ae4\" data-element_type=\"widget\" data-widget_type=\"spacer.default\">\n\t\t\t\t<div class=\"elementor-widget-container\">\n\t\t\t\t\t\t\t<div class=\"elementor-spacer\">\n\t\t\t<div class=\"elementor-spacer-inner\"><\/div>\n\t\t<\/div>\n\t\t\t\t\t\t<\/div>\n\t\t\t\t<\/div>\n\t\t\t\t<div class=\"elementor-element elementor-element-f03ba94 elementor-widget elementor-widget-heading\" data-id=\"f03ba94\" data-element_type=\"widget\" data-widget_type=\"heading.default\">\n\t\t\t\t<div class=\"elementor-widget-container\">\n\t\t\t\t\t<h2 class=\"elementor-heading-title elementor-size-default\">Voraussetzungen f\u00fcr die Betriebslogistik-Lehre\n<\/h2>\t\t\t\t<\/div>\n\t\t\t\t<\/div>\n\t\t\t\t<div class=\"elementor-element elementor-element-229bdef elementor-widget elementor-widget-text-editor\" data-id=\"229bdef\" data-element_type=\"widget\" data-widget_type=\"text-editor.default\">\n\t\t\t\t<div class=\"elementor-widget-container\">\n\t\t\t\t\t\t\t\t\t<p>Du verschaffst dir schnell einen \u00dcberblick \u00fcber Abl\u00e4ufe und hast Organisationstalent? Dann bist du bei der Betriebslogistik-Lehre richtig. Denn in diesem Beruf ist es wichtig, strukturiert und analytisch an Dinge heranzugehen. Wenn dir das aktuell nicht immer gelingt, dann sollte dir das keine Sorgen bereiten: Denn deine Kolleginnen und Kollegen helfen dir dabei, alle Prozesse in Ruhe kennenzulernen. \u00dcbrigens: Das neunte Schuljahr solltest du bereits abgeschlossen haben.<\/p><p>Au\u00dferdem hast du bei HELDECO die M\u00f6glichkeit, deine F\u00e4higkeiten und Kenntnisse in einem dynamischen Umfeld einzubringen und weiterzuentwickeln.<\/p>\t\t\t\t\t\t\t\t<\/div>\n\t\t\t\t<\/div>\n\t\t\t\t<div class=\"elementor-element elementor-element-bac6dcd elementor-widget elementor-widget-image\" data-id=\"bac6dcd\" data-element_type=\"widget\" data-widget_type=\"image.default\">\n\t\t\t\t<div class=\"elementor-widget-container\">\n\t\t\t\t\t\t\t\t\t\t\t\t\t\t\t<img data-opt-id=1360108808  fetchpriority=\"high\" decoding=\"async\" width=\"2400\" height=\"1600\" src=\"https:\/\/mlqtkq5ywbdj.i.optimole.com\/w:1620\/h:1080\/q:mauto\/f:best\/https:\/\/www.heldeco.at\/wp-content\/uploads\/2023\/04\/F0A3470.jpg\" class=\"attachment-medium_large size-medium_large wp-image-3604\" alt=\"\" srcset=\"https:\/\/mlqtkq5ywbdj.i.optimole.com\/w:1620\/h:1080\/q:mauto\/f:best\/https:\/\/www.heldeco.at\/wp-content\/uploads\/2023\/04\/F0A3470.jpg 2400w, https:\/\/mlqtkq5ywbdj.i.optimole.com\/w:300\/h:200\/q:mauto\/f:best\/https:\/\/www.heldeco.at\/wp-content\/uploads\/2023\/04\/F0A3470.jpg 300w, https:\/\/mlqtkq5ywbdj.i.optimole.com\/w:1024\/h:683\/q:mauto\/f:best\/https:\/\/www.heldeco.at\/wp-content\/uploads\/2023\/04\/F0A3470.jpg 1024w, https:\/\/mlqtkq5ywbdj.i.optimole.com\/w:768\/h:512\/q:mauto\/f:best\/https:\/\/www.heldeco.at\/wp-content\/uploads\/2023\/04\/F0A3470.jpg 768w, https:\/\/mlqtkq5ywbdj.i.optimole.com\/w:1536\/h:1024\/q:mauto\/f:best\/https:\/\/www.heldeco.at\/wp-content\/uploads\/2023\/04\/F0A3470.jpg 1536w, https:\/\/mlqtkq5ywbdj.i.optimole.com\/w:1620\/h:1080\/q:mauto\/f:best\/https:\/\/www.heldeco.at\/wp-content\/uploads\/2023\/04\/F0A3470.jpg 2048w\" sizes=\"(max-width: 2400px) 100vw, 2400px\" \/>\t\t\t\t\t\t\t\t\t\t\t\t\t\t\t<\/div>\n\t\t\t\t<\/div>\n\t\t\t\t<div class=\"elementor-element elementor-element-19dd459 elementor-widget elementor-widget-spacer\" data-id=\"19dd459\" data-element_type=\"widget\" data-widget_type=\"spacer.default\">\n\t\t\t\t<div class=\"elementor-widget-container\">\n\t\t\t\t\t\t\t<div class=\"elementor-spacer\">\n\t\t\t<div class=\"elementor-spacer-inner\"><\/div>\n\t\t<\/div>\n\t\t\t\t\t\t<\/div>\n\t\t\t\t<\/div>\n\t\t\t\t<div class=\"elementor-element elementor-element-0097f33 elementor-widget elementor-widget-heading\" data-id=\"0097f33\" data-element_type=\"widget\" data-widget_type=\"heading.default\">\n\t\t\t\t<div class=\"elementor-widget-container\">\n\t\t\t\t\t<h2 class=\"elementor-heading-title elementor-size-default\">Verdienst als Betriebslogistiker:in<\/h2>\t\t\t\t<\/div>\n\t\t\t\t<\/div>\n\t\t\t\t<div class=\"elementor-element elementor-element-45ba41f elementor-widget elementor-widget-text-editor\" data-id=\"45ba41f\" data-element_type=\"widget\" data-widget_type=\"text-editor.default\">\n\t\t\t\t<div class=\"elementor-widget-container\">\n\t\t\t\t\t\t\t\t\t<p>Du verdienst als Betriebslogistiker:in je nach Ausbildungsjahr laut Kollektivvertrag wie folgt:<\/p><table><tbody><tr><th>Lehrjahr<\/th><th>Gehalt<\/th><\/tr><tr><td>1. Lehrjahr<\/td><td>\u20ac 1.071,-<\/td><\/tr><tr><td>2. Lehrjahr<\/td><td>\u20ac 1.295,40<\/td><\/tr><tr><td>3. Lehrjahr<\/td><td>\u20ac 1.657,50<\/td><\/tr><\/tbody><\/table><p>Zus\u00e4tzlich erh\u00e4ltst du ab dem 2. Lehrjahr Zusatzzahlungen bei entsprechenden Leistungen. Au\u00dferdem bekommst Pr\u00e4mien f\u00fcr gute Zeugnisse sowie die Lehrabschlusspr\u00fcfung (LAP).<\/p><p><i>Stand: 10.11.2025<\/i><\/p>\t\t\t\t\t\t\t\t<\/div>\n\t\t\t\t<\/div>\n\t\t\t\t<div class=\"elementor-element elementor-element-bbed26d elementor-widget elementor-widget-spacer\" data-id=\"bbed26d\" data-element_type=\"widget\" data-widget_type=\"spacer.default\">\n\t\t\t\t<div class=\"elementor-widget-container\">\n\t\t\t\t\t\t\t<div class=\"elementor-spacer\">\n\t\t\t<div class=\"elementor-spacer-inner\"><\/div>\n\t\t<\/div>\n\t\t\t\t\t\t<\/div>\n\t\t\t\t<\/div>\n\t\t\t\t<div class=\"elementor-element elementor-element-5596842 elementor-widget elementor-widget-heading\" data-id=\"5596842\" data-element_type=\"widget\" data-widget_type=\"heading.default\">\n\t\t\t\t<div class=\"elementor-widget-container\">\n\t\t\t\t\t<h2 class=\"elementor-heading-title elementor-size-default\">Weiterbildungen &amp; Perspektiven<\/h2>\t\t\t\t<\/div>\n\t\t\t\t<\/div>\n\t\t\t\t<div class=\"elementor-element elementor-element-a7cacd6 elementor-widget elementor-widget-text-editor\" data-id=\"a7cacd6\" data-element_type=\"widget\" data-widget_type=\"text-editor.default\">\n\t\t\t\t<div class=\"elementor-widget-container\">\n\t\t\t\t\t\t\t\t\tDu hast die M\u00f6glichkeit, spannende <b>Zusatzausbildungen<\/b> zu machen. Wenn dich das interessiert, kannst du z. B. die Lehre mit Matura, die Meisterpr\u00fcfung im Anschluss an die LAP, die Kran- und Staplerausbildung, spezifische Zusatzausbildungen und Werkzeugschulungen absolvieren.\t\t\t\t\t\t\t\t<\/div>\n\t\t\t\t<\/div>\n\t\t\t\t<div class=\"elementor-element elementor-element-8b5571e elementor-widget elementor-widget-spacer\" data-id=\"8b5571e\" data-element_type=\"widget\" data-widget_type=\"spacer.default\">\n\t\t\t\t<div class=\"elementor-widget-container\">\n\t\t\t\t\t\t\t<div class=\"elementor-spacer\">\n\t\t\t<div class=\"elementor-spacer-inner\"><\/div>\n\t\t<\/div>\n\t\t\t\t\t\t<\/div>\n\t\t\t\t<\/div>\n\t\t\t\t<div class=\"elementor-element elementor-element-47612f6 elementor-widget elementor-widget-heading\" data-id=\"47612f6\" data-element_type=\"widget\" data-widget_type=\"heading.default\">\n\t\t\t\t<div class=\"elementor-widget-container\">\n\t\t\t\t\t<h2 class=\"elementor-heading-title elementor-size-default\">Ausbildung als Betriebslogistiker:in <\/h2>\t\t\t\t<\/div>\n\t\t\t\t<\/div>\n\t\t\t\t<div class=\"elementor-element elementor-element-ca97f85 elementor-widget elementor-widget-text-editor\" data-id=\"ca97f85\" data-element_type=\"widget\" data-widget_type=\"text-editor.default\">\n\t\t\t\t<div class=\"elementor-widget-container\">\n\t\t\t\t\t\t\t\t\t<p>Die HELDECO-Lehre ist dein Fundament f\u00fcr eine erfolgreiche und sichere berufliche Laufbahn. Warum wir das wissen? Weil wir seit \u00fcber 30 Jahren Fachkr\u00e4fte ausbilden \u2013 und die meisten von ihnen nach wie vor bei uns im Betrieb sind.\u00a0<\/p><p>Als Lehrling bei HELDECO bringen wir dir Wertsch\u00e4tzung und Vertrauen entgegen. Du hast einen <b>sicheren und fixen Arbeitsplatz<\/b> und Kolleg:innen, die dich gerne ins Team aufnehmen und unterst\u00fctzen. Wir sind stolz auf unsere <a href=\"https:\/\/www.heldeco.at\/helden\/\">HELDECO-Held:innen<\/a>!<\/p><p>Wir w\u00fcrden uns sehr freuen, wenn du Teil der HELDECO-Familie wirst. Bitte f\u00fclle das <b>Formular<\/b> unten aus und lade deinen Lebenslauf sowie wichtige Zeugnisse hoch.<br \/>Wenn du m\u00f6chtest, kannst du deine Bewerbung auch direkt per Mail an Sabine Dettenweitz unter <a href=\"mailto:sabine.dettenweitz@heldeco.at\">sabine.dettenweitz@heldeco.at<\/a> schicken.<\/p><p>Wir freuen uns auf deine Bewerbung!<\/p>\t\t\t\t\t\t\t\t<\/div>\n\t\t\t\t<\/div>\n\t\t\t\t\t<\/div>\n\t\t<\/div>\n\t\t\t\t\t<\/div>\n\t\t<\/section>\n\t\t\t\t<section class=\"elementor-section elementor-top-section elementor-element elementor-element-395d69e elementor-section-boxed elementor-section-height-default elementor-section-height-default\" data-id=\"395d69e\" data-element_type=\"section\" data-settings=\"{&quot;_ha_eqh_enable&quot;:false}\">\n\t\t\t\t\t\t<div class=\"elementor-container elementor-column-gap-default\">\n\t\t\t\t\t<div class=\"elementor-column elementor-col-50 elementor-top-column elementor-element elementor-element-534f004\" data-id=\"534f004\" data-element_type=\"column\">\n\t\t\t<div class=\"elementor-widget-wrap elementor-element-populated\">\n\t\t\t\t\t\t<div class=\"elementor-element elementor-element-366128b elementor-align-center elementor-widget elementor-widget-button\" data-id=\"366128b\" data-element_type=\"widget\" data-widget_type=\"button.default\">\n\t\t\t\t<div class=\"elementor-widget-container\">\n\t\t\t\t\t\t\t\t\t<div class=\"elementor-button-wrapper\">\n\t\t\t\t\t<a class=\"elementor-button elementor-button-link elementor-size-lg\" href=\"mailto:sabine.dettenweitz@heldeco.at\">\n\t\t\t\t\t\t<span class=\"elementor-button-content-wrapper\">\n\t\t\t\t\t\t\t\t\t<span class=\"elementor-button-text\">Jetzt bewerben<\/span>\n\t\t\t\t\t<\/span>\n\t\t\t\t\t<\/a>\n\t\t\t\t<\/div>\n\t\t\t\t\t\t\t\t<\/div>\n\t\t\t\t<\/div>\n\t\t\t\t\t<\/div>\n\t\t<\/div>\n\t\t\t\t<div class=\"elementor-column elementor-col-50 elementor-top-column elementor-element elementor-element-add1479\" data-id=\"add1479\" data-element_type=\"column\">\n\t\t\t<div class=\"elementor-widget-wrap elementor-element-populated\">\n\t\t\t\t\t\t<div class=\"elementor-element elementor-element-3bad154 elementor-align-center elementor-widget elementor-widget-button\" data-id=\"3bad154\" data-element_type=\"widget\" data-widget_type=\"button.default\">\n\t\t\t\t<div class=\"elementor-widget-container\">\n\t\t\t\t\t\t\t\t\t<div class=\"elementor-button-wrapper\">\n\t\t\t\t\t<a class=\"elementor-button elementor-button-link elementor-size-lg\" href=\"https:\/\/www.heldeco.at\/lehre\/\">\n\t\t\t\t\t\t<span class=\"elementor-button-content-wrapper\">\n\t\t\t\t\t\t\t\t\t<span class=\"elementor-button-text\">zur\u00fcck zu den offenen Stellen<\/span>\n\t\t\t\t\t<\/span>\n\t\t\t\t\t<\/a>\n\t\t\t\t<\/div>\n\t\t\t\t\t\t\t\t<\/div>\n\t\t\t\t<\/div>\n\t\t\t\t\t<\/div>\n\t\t<\/div>\n\t\t\t\t\t<\/div>\n\t\t<\/section>\n\t\t\t\t<section class=\"elementor-section elementor-top-section elementor-element elementor-element-7852c8c elementor-section-boxed elementor-section-height-default elementor-section-height-default\" data-id=\"7852c8c\" data-element_type=\"section\" data-settings=\"{&quot;_ha_eqh_enable&quot;:false}\">\n\t\t\t\t\t\t<div class=\"elementor-container elementor-column-gap-default\">\n\t\t\t\t\t<div class=\"elementor-column elementor-col-100 elementor-top-column elementor-element elementor-element-9c8e958\" data-id=\"9c8e958\" data-element_type=\"column\">\n\t\t\t<div class=\"elementor-widget-wrap elementor-element-populated\">\n\t\t\t\t\t\t<div class=\"elementor-element elementor-element-42dbdd4 elementor-widget elementor-widget-spacer\" data-id=\"42dbdd4\" data-element_type=\"widget\" data-widget_type=\"spacer.default\">\n\t\t\t\t<div class=\"elementor-widget-container\">\n\t\t\t\t\t\t\t<div class=\"elementor-spacer\">\n\t\t\t<div class=\"elementor-spacer-inner\"><\/div>\n\t\t<\/div>\n\t\t\t\t\t\t<\/div>\n\t\t\t\t<\/div>\n\t\t\t\t<div class=\"elementor-element elementor-element-284fc9e elementor-widget elementor-widget-heading\" data-id=\"284fc9e\" data-element_type=\"widget\" data-widget_type=\"heading.default\">\n\t\t\t\t<div class=\"elementor-widget-container\">\n\t\t\t\t\t<h2 class=\"elementor-heading-title elementor-size-default\">Bewerbungsformular<\/h2>\t\t\t\t<\/div>\n\t\t\t\t<\/div>\n\t\t\t\t<div class=\"elementor-element elementor-element-2c7c7c8 elementor-button-align-stretch elementor-widget elementor-widget-form\" data-id=\"2c7c7c8\" data-element_type=\"widget\" data-settings=\"{&quot;step_next_label&quot;:&quot;N\\u00e4chster&quot;,&quot;step_previous_label&quot;:&quot;Voriger&quot;,&quot;button_width&quot;:&quot;100&quot;,&quot;step_type&quot;:&quot;number_text&quot;,&quot;step_icon_shape&quot;:&quot;circle&quot;}\" data-widget_type=\"form.default\">\n\t\t\t\t<div class=\"elementor-widget-container\">\n\t\t\t\t\t\t\t<form class=\"elementor-form\" method=\"post\" name=\"Neues Formular\" aria-label=\"Neues Formular\">\n\t\t\t<input type=\"hidden\" name=\"post_id\" value=\"3602\"\/>\n\t\t\t<input type=\"hidden\" name=\"form_id\" value=\"2c7c7c8\"\/>\n\t\t\t<input type=\"hidden\" name=\"referer_title\" value=\"Lehre Betriebslogistik\" \/>\n\n\t\t\t\t\t\t\t<input type=\"hidden\" name=\"queried_id\" value=\"3602\"\/>\n\t\t\t\n\t\t\t<div class=\"elementor-form-fields-wrapper elementor-labels-above\">\n\t\t\t\t\t\t\t\t<div class=\"elementor-field-type-text elementor-field-group elementor-column elementor-field-group-name elementor-col-100\">\n\t\t\t\t\t\t\t\t\t\t\t\t<label for=\"form-field-name\" class=\"elementor-field-label\">\n\t\t\t\t\t\t\t\tName\t\t\t\t\t\t\t<\/label>\n\t\t\t\t\t\t\t\t\t\t\t\t\t\t<input size=\"1\" type=\"text\" name=\"form_fields[name]\" id=\"form-field-name\" class=\"elementor-field elementor-size-sm  elementor-field-textual\" placeholder=\"Name\">\n\t\t\t\t\t\t\t\t\t\t\t<\/div>\n\t\t\t\t\t\t\t\t<div class=\"elementor-field-type-email elementor-field-group elementor-column elementor-field-group-email elementor-col-100 elementor-field-required\">\n\t\t\t\t\t\t\t\t\t\t\t\t<label for=\"form-field-email\" class=\"elementor-field-label\">\n\t\t\t\t\t\t\t\tE-Mail\t\t\t\t\t\t\t<\/label>\n\t\t\t\t\t\t\t\t\t\t\t\t\t\t<input size=\"1\" type=\"email\" name=\"form_fields[email]\" id=\"form-field-email\" class=\"elementor-field elementor-size-sm  elementor-field-textual\" placeholder=\"E-Mail\" required=\"required\">\n\t\t\t\t\t\t\t\t\t\t\t<\/div>\n\t\t\t\t\t\t\t\t<div class=\"elementor-field-type-textarea elementor-field-group elementor-column elementor-field-group-message elementor-col-100\">\n\t\t\t\t\t\t\t\t\t\t\t\t<label for=\"form-field-message\" class=\"elementor-field-label\">\n\t\t\t\t\t\t\t\tNachricht\t\t\t\t\t\t\t<\/label>\n\t\t\t\t\t\t<textarea class=\"elementor-field-textual elementor-field  elementor-size-sm\" name=\"form_fields[message]\" id=\"form-field-message\" rows=\"4\" placeholder=\"Nachricht\"><\/textarea>\t\t\t\t<\/div>\n\t\t\t\t\t\t\t\t<div class=\"elementor-field-type-upload elementor-field-group elementor-column elementor-field-group-field_2fa77cf elementor-col-100 elementor-field-required\">\n\t\t\t\t\t\t\t<input type=\"file\" name=\"form_fields[field_2fa77cf][]\" id=\"form-field-field_2fa77cf\" class=\"elementor-field elementor-size-sm  elementor-upload-field\" required=\"required\" multiple=\"multiple\" data-maxsize=\"10\" data-maxsize-message=\"This file exceeds the maximum allowed size.\">\n\n\t\t\t\t\t\t<\/div>\n\t\t\t\t\t\t\t\t<div class=\"elementor-field-group elementor-column elementor-field-type-submit elementor-col-100 e-form__buttons\">\n\t\t\t\t\t<button class=\"elementor-button elementor-size-sm\" type=\"submit\">\n\t\t\t\t\t\t<span class=\"elementor-button-content-wrapper\">\n\t\t\t\t\t\t\t\t\t\t\t\t\t\t\t\t\t\t\t\t\t\t<span class=\"elementor-button-text\">Senden<\/span>\n\t\t\t\t\t\t\t\t\t\t\t\t\t<\/span>\n\t\t\t\t\t<\/button>\n\t\t\t\t<\/div>\n\t\t\t<\/div>\n\t\t<\/form>\n\t\t\t\t\t\t<\/div>\n\t\t\t\t<\/div>\n\t\t\t\t\t<\/div>\n\t\t<\/div>\n\t\t\t\t\t<\/div>\n\t\t<\/section>\n\t\t\t\t<\/div>\n\t\t","protected":false},"excerpt":{"rendered":"<p>Alles logisch? Lehre als Betriebslogistiker:in Lehre Betriebslogistik Die Lehre zum Betriebslogistiker bei HELDECO ist eine praxisorientierte Ausbildung in einem modernen und innovativen Unternehmen. W\u00e4hrend deiner Ausbildung erlernst du alle wichtigen Aspekte der betrieblichen Logistik, wie zum Beispiel die Planung und Koordination von Transporten, die \u00dcberwachung von Bestellungen und Lieferungen sowie die Organisation von Warenlagern und [&hellip;]<\/p>\n","protected":false},"author":1,"featured_media":0,"parent":0,"menu_order":0,"comment_status":"closed","ping_status":"closed","template":"","meta":{"footnotes":""},"class_list":["post-3602","page","type-page","status-publish","hentry"],"_links":{"self":[{"href":"https:\/\/www.heldeco.at\/en\/wp-json\/wp\/v2\/pages\/3602","targetHints":{"allow":["GET"]}}],"collection":[{"href":"https:\/\/www.heldeco.at\/en\/wp-json\/wp\/v2\/pages"}],"about":[{"href":"https:\/\/www.heldeco.at\/en\/wp-json\/wp\/v2\/types\/page"}],"author":[{"embeddable":true,"href":"https:\/\/www.heldeco.at\/en\/wp-json\/wp\/v2\/users\/1"}],"replies":[{"embeddable":true,"href":"https:\/\/www.heldeco.at\/en\/wp-json\/wp\/v2\/comments?post=3602"}],"version-history":[{"count":18,"href":"https:\/\/www.heldeco.at\/en\/wp-json\/wp\/v2\/pages\/3602\/revisions"}],"predecessor-version":[{"id":4771,"href":"https:\/\/www.heldeco.at\/en\/wp-json\/wp\/v2\/pages\/3602\/revisions\/4771"}],"wp:attachment":[{"href":"https:\/\/www.heldeco.at\/en\/wp-json\/wp\/v2\/media?parent=3602"}],"curies":[{"name":"wp","href":"https:\/\/api.w.org\/{rel}","templated":true}]}}