{"id":2530,"date":"2021-11-22T10:11:16","date_gmt":"2021-11-22T10:11:16","guid":{"rendered":"https:\/\/www.heldeco.at\/privacy-policy\/"},"modified":"2025-03-20T13:45:38","modified_gmt":"2025-03-20T13:45:38","slug":"privacy-policy","status":"publish","type":"page","link":"https:\/\/www.heldeco.at\/en\/privacy-policy\/","title":{"rendered":"Privacy policy"},"content":{"rendered":"\t\t<div data-elementor-type=\"wp-page\" data-elementor-id=\"2530\" class=\"elementor elementor-2530 elementor-3\" data-elementor-settings=\"{&quot;ha_cmc_init_switcher&quot;:&quot;no&quot;}\" data-elementor-post-type=\"page\">\n\t\t\t\t\t\t<section class=\"elementor-section elementor-top-section elementor-element elementor-element-55f78b0 elementor-section-boxed elementor-section-height-default elementor-section-height-default\" data-id=\"55f78b0\" data-element_type=\"section\" data-settings=\"{&quot;_ha_eqh_enable&quot;:false}\">\n\t\t\t\t\t\t<div class=\"elementor-container elementor-column-gap-default\">\n\t\t\t\t\t<div class=\"elementor-column elementor-col-100 elementor-top-column elementor-element elementor-element-947d442\" data-id=\"947d442\" data-element_type=\"column\">\n\t\t\t<div class=\"elementor-widget-wrap elementor-element-populated\">\n\t\t\t\t\t\t<div class=\"elementor-element elementor-element-1a01789 elementor-widget elementor-widget-heading\" data-id=\"1a01789\" data-element_type=\"widget\" data-widget_type=\"heading.default\">\n\t\t\t\t<div class=\"elementor-widget-container\">\n\t\t\t\t\t<h2 class=\"elementor-heading-title elementor-size-default\">Privacy<\/h2>\t\t\t\t<\/div>\n\t\t\t\t<\/div>\n\t\t\t\t\t<\/div>\n\t\t<\/div>\n\t\t\t\t\t<\/div>\n\t\t<\/section>\n\t\t\t\t<section class=\"elementor-section elementor-top-section elementor-element elementor-element-0716219 elementor-section-boxed elementor-section-height-default elementor-section-height-default\" data-id=\"0716219\" data-element_type=\"section\" data-settings=\"{&quot;_ha_eqh_enable&quot;:false}\">\n\t\t\t\t\t\t<div class=\"elementor-container elementor-column-gap-default\">\n\t\t\t\t\t<div class=\"elementor-column elementor-col-100 elementor-top-column elementor-element elementor-element-d7559fb\" data-id=\"d7559fb\" data-element_type=\"column\">\n\t\t\t<div class=\"elementor-widget-wrap elementor-element-populated\">\n\t\t\t\t\t\t<div class=\"elementor-element elementor-element-8f435df elementor-widget elementor-widget-text-editor\" data-id=\"8f435df\" data-element_type=\"widget\" data-widget_type=\"text-editor.default\">\n\t\t\t\t<div class=\"elementor-widget-container\">\n\t\t\t\t\t\t\t\t\t<p>Der Schutz Ihrer pers\u00f6nlichen Daten ist uns ein besonderes Anliegen. Wir verarbeiten Ihre Daten daher ausschlie\u00dflich auf Grundlage der gesetzlichen Bestimmungen (DSGVO, TKG 2003). In dieser Datenschutzerkl\u00e4rung informieren wir Sie \u00fcber die wichtigsten Aspekte der Datenverarbeitung im Rahmen unserer Website.<\/p>\n<p><b>Kontakt mit uns \/ Name und Kontaktdaten des f\u00fcr die Verarbeitung Verantwortlichen<br \/>Verantwortlicher im Sinne der DSGVO ist:<\/b><\/p>\n<p>HELDECO CAD\/CAM Fertigungstechnik GmbH<br \/>Sabine Dettenweitz<br \/>Stv.: Daniel Ebner<br \/>D\u00f6llach 50, A &#8211; 8624 Aflenz<\/p>\n<p>Sie erreichen uns unter unserer zuvor genannten Firmenanschrift, per E-Mail<br \/>unter datenschutz@heldeco.at<\/p>\n<p><b>Datenerhebung bei Kontaktaufnahme<\/b><br \/>Wenn Sie schriftlich, telefonisch, \u00fcber das Formular auf unserer Website oder per E-Mail mit uns Kontakt aufnehmen, werden Ihre angegebenen Daten zum Zwecke der Bearbeitung Ihrer Anfrage und f\u00fcr den Fall von Anschlussfragen f\u00fcr die Dauer der gesetzlichen Aufbewahrungsfrist bei uns gespeichert. Diese Daten geben wir ohne Ihre Einwilligung nicht an Dritte weiter.<\/p>\n<p><b>Datenerhebung bei Anmeldung f\u00fcr unseren Newsletter<\/b><br \/>Sie haben die M\u00f6glichkeit, \u00fcber unsere Website unseren Newsletter zu abonnieren. Mit diesem \u00fcbermitteln wir Ihnen Fachinformationen, Informationen \u00fcber unsere Veranstaltungen und \u00fcber unsere Produkt- und Leistungsangebote sowie allgemeine Informationen \u00fcber unseren Betrieb (wie beispielsweise Erreichbarkeit, Weihnachts\u00f6ffnungszeiten, \u00dcbersiedlungen, Betriebsurlaube, personelle Ver\u00e4nderungen, etc). Hierf\u00fcr ben\u00f6tigen wir Ihren Namen, Ihre Firma, Ihre E-Mail-Adresse und Ihre Erkl\u00e4rung, dass Sie mit dem Bezug des Newsletters einverstanden sind.<br \/>Sobald Sie sich f\u00fcr den Newsletter angemeldet haben, senden wir Ihnen ein Best\u00e4tigungs-E-Mail mit einem Link zur Best\u00e4tigung der Anmeldung.<br \/>Selbstverst\u00e4ndlich k\u00f6nnen Sie die von Ihnen erteilte Zustimmung zum Erhalt des Newsletters jederzeit per E-Mail an die o.g. E-Mail-Adresse, postalisch an die o.g. Postanschrift oder \u00fcber den am Ende eines jeden Newsletters angef\u00fchrten Abmeldelink ohne Angabe von Gr\u00fcnden widerrufen.<\/p>\n<p><b>Nutzung der Leadinfo-Technologie:<br \/><\/b>\u201eLeadinfo: Wir nutzen den Lead-Generation-Service von Leadinfo B.V., Rotterdam, Niederlande. Dieser erkennt Besuche von Unternehmen auf unserer Website anhand von IP-Adressen und zeigt uns hierzu \u00f6ffentlich verf\u00fcgbare Informationen, wie z.B. Firmennamen oder Adressen. Dar\u00fcber hinaus setzt Leadinfo zwei First-Party-Cookies zur Auswertung des Nutzerverhaltens auf unserer Website und verarbeitet Domains aus Formulareingaben (z.B. \u201e<a class=\"c-link\" tabindex=\"-1\" href=\"http:\/\/leadinfo.com\/\" target=\"_blank\" rel=\"noopener noreferrer\" data-stringify-link=\"http:\/\/leadinfo.com\" data-sk=\"tooltip_parent\" data-remove-tab-index=\"true\">leadinfo.com<\/a>\u201d), um IP-Adressen mit Unternehmen zu korrelieren und die Services zu verbessern. Weitere Informationen finden Sie unter\u00a0<a class=\"c-link\" tabindex=\"-1\" href=\"http:\/\/www.leadinfo.com\/\" target=\"_blank\" rel=\"noopener noreferrer\" data-stringify-link=\"http:\/\/www.leadinfo.com\" data-sk=\"tooltip_parent\" data-remove-tab-index=\"true\">www.leadinfo.com<\/a>. Auf dieser Seite:\u00a0<a class=\"c-link\" tabindex=\"-1\" href=\"http:\/\/www.leadinfo.com\/en\/opt-out\" target=\"_blank\" rel=\"noopener noreferrer\" data-stringify-link=\"http:\/\/www.leadinfo.com\/en\/opt-out\" data-sk=\"tooltip_parent\" data-remove-tab-index=\"true\">www.leadinfo.com\/en\/opt-out<\/a>\u00a0haben Sie eine Opt-out M\u00f6glichkeit. Im Falle eines Opt-outs werden Ihre Daten von Leadinfo nicht mehr erfasst.\u201d<\/p>\n<p><b>Cookies<\/b><br \/>Unsere Website verwendet so genannte Cookies. Dabei handelt es sich um kleine Textdateien, die mit Hilfe des Browsers auf Ihrem Endger\u00e4t abgelegt werden. Sie richten keinen Schaden an.<br \/>Wir nutzen Cookies dazu, unser Angebot nutzerfreundlich zu gestalten. Einige Cookies bleiben auf Ihrem Endger\u00e4t gespeichert, bis Sie diese l\u00f6schen. Sie erm\u00f6glichen es uns, Ihren Browser beim n\u00e4chsten Besuch wiederzuerkennen.<br \/>Wenn Sie dies nicht w\u00fcnschen, so k\u00f6nnen Sie Ihren Browser so einrichten, dass er Sie \u00fcber das Setzen von Cookies informiert und Sie dies nur im Einzelfall erlauben.<br \/>Bei der Deaktivierung von Cookies kann die Funktionalit\u00e4t unserer Website eingeschr\u00e4nkt sein.<\/p>\n<p><b>Webhoster \/ Provider<\/b><br \/>Der Webspace-Provider speichert Daten \u00fcber jeden Zugriff auf die Website (in sogenannten Serverlogfiles). Zu diesen Daten geh\u00f6ren: Name der Website, Meldung \u00fcber den Aufruf, Browsertyp, Betriebssystem, Referrer-URL (zuvor besuchte Website), IP Adresse und der anfragende Provider. Diese Daten werden nur f\u00fcr statistische Zwecke aufgezeichnet und diesen zur Optimierung der Sicherheit des Hostingsystems.<\/p>\n<p><b>Web-Analyse<\/b><br \/>Unsere Website verwendet Funktionen des Webanalysedienstes Google Analytics, einen Webanalysedienst der Google LLC (\u201eGoogle\u201c), Amphitheatre Parkway, Mountain View, CA 94043, USA. Die dabei erfassten Daten werden auch au\u00dferhalb der EU verarbeitet. Dazu werden Cookies verwendet, die eine Analyse der Benutzung der Website durch ihre Benutzer erm\u00f6glicht. Die dadurch erzeugten Informationen werden auf den Server des Anbieters \u00fcbertragen und dort gespeichert.<\/p>\n<p>Sie k\u00f6nnen dies verhindern, indem Sie Ihren Browser so einrichten, dass keine Cookies gespeichert werden.<br \/>Im Falle der Aktivierung der IP-Anonymisierung \u00fcber ihren Browser, wird Ihre IP-Adresse von Google jedoch innerhalb von Mitgliedstaaten der Europ\u00e4ischen Union oder in anderen Vertragsstaaten des Abkommens \u00fcber den Europ\u00e4ischen Wirtschaftsraum zuvor gek\u00fcrzt. Dadurch ist nur mehr eine grobe Lokalisierung m\u00f6glich.<br \/>Die Beziehung zum Webanalyseanbieter basiert auf den Standardvertragsklauseln der EU im Rahmen des Privacy Shield Abkommens. Weitere Informationen: Google Datenschutzerkl\u00e4rung &amp; Nutzungsbedingungen.<br \/>Die Datenverarbeitung erfolgt auf Basis der gesetzlichen Bestimmungen des \u00a7 96 Abs 3 TKG sowie des Art 6 Abs 1 lit a (Einwilligung) und\/oder lit f (berechtigtes Interesse) der DSGVO.<br \/>Unser Anliegen im Sinne der DSGVO (berechtigtes Interesse) ist die Verbesserung unseres Angebotes und unseres Webauftritts. Da uns die Privatsph\u00e4re unserer Nutzer wichtig ist, werden die Nutzerdaten pseudonymisiert.<\/p>\n<p><b>Google Maps<\/b><br \/>Diese Webseite verwendet Google Maps f\u00fcr die Darstellung von Karteninformationen. Bei der Nutzung von Google Maps werden von Google auch Daten \u00fcber die Nutzung der Maps-Funktionen durch Besucher der Webseiten erhoben, verarbeitet und genutzt. N\u00e4here Informationen \u00fcber die Datenverarbeitung durch Google k\u00f6nnen Sie den Datenschutzhinweisen von Google auf Google Datenschutzerkl\u00e4rung &amp; Nutzungsbedingungen entnehmen. Dort k\u00f6nnen Sie im Datenschutzcenter auch Ihre Einstellungen ver\u00e4ndern, so dass Sie Ihre Daten verwalten und sch\u00fctzen k\u00f6nnen.<\/p>\n<p><b>Dauer der Datenspeicherung<\/b><br \/>Die Nutzerdaten werden f\u00fcr die Dauer der gesetzlichen Aufbewahrungsfrist gespeichert und aufbewahrt. Nach Ablauf der Frist werden die entsprechenden Daten routinem\u00e4\u00dfig gel\u00f6scht, sofern sie nicht mehr zur Vertragserf\u00fcllung oder Vertragsanbahnung erforderlich sind.<\/p>\n<p><b>Aktualisierung der Bestimmungen<\/b><br \/>Wir behalten uns das Recht vor, diese Bestimmungen jederzeit entsprechend den Gesch\u00e4ftserfordernissen zu \u00e4ndern.<\/p>\n<p>I<b>hre Rechte<\/b><br \/>Ihnen stehen grunds\u00e4tzlich die Rechte auf Auskunft, Berichtigung, L\u00f6schung, Einschr\u00e4nkung, Daten\u00fcbertragbarkeit, Widerruf und Widerspruch zu. Wenn Sie glauben, dass die Verarbeitung Ihrer Daten gegen das Datenschutzrecht verst\u00f6\u00dft oder Ihre datenschutzrechtlichen Anspr\u00fcche sonst in einer Weise verletzt worden sind, so bitte wir Sie mit uns Kontakt aufzunehmen, um allf\u00e4kllige Fragen aufkl\u00e4ren zu k\u00f6nnen. Sie k\u00f6nnen sich selbstverst\u00e4ndlich auch bei der Aufsichtsbeh\u00f6rde beschweren. In \u00d6sterreich ist dies die Datenschutzbeh\u00f6rde.<br \/>Selbstverst\u00e4ndlich stehen wir Ihnen gerne jederzeit f\u00fcr Ausk\u00fcnfte zum Datenschutz auf unserer Website zur Verf\u00fcgung.<\/p>\n\t\t\t\t\t\t\t\t<\/div>\n\t\t\t\t<\/div>\n\t\t\t\t\t<\/div>\n\t\t<\/div>\n\t\t\t\t\t<\/div>\n\t\t<\/section>\n\t\t\t\t<\/div>\n\t\t","protected":false},"excerpt":{"rendered":"<p>Privacy Der Schutz Ihrer pers\u00f6nlichen Daten ist uns ein besonderes Anliegen. Wir verarbeiten Ihre Daten daher ausschlie\u00dflich auf Grundlage der gesetzlichen Bestimmungen (DSGVO, TKG 2003). In dieser Datenschutzerkl\u00e4rung informieren wir Sie \u00fcber die wichtigsten Aspekte der Datenverarbeitung im Rahmen unserer Website. Kontakt mit uns \/ Name und Kontaktdaten des f\u00fcr die Verarbeitung VerantwortlichenVerantwortlicher im Sinne [&hellip;]<\/p>\n","protected":false},"author":1,"featured_media":0,"parent":0,"menu_order":0,"comment_status":"closed","ping_status":"closed","template":"","meta":{"footnotes":""},"class_list":["post-2530","page","type-page","status-publish","hentry"],"_links":{"self":[{"href":"https:\/\/www.heldeco.at\/en\/wp-json\/wp\/v2\/pages\/2530","targetHints":{"allow":["GET"]}}],"collection":[{"href":"https:\/\/www.heldeco.at\/en\/wp-json\/wp\/v2\/pages"}],"about":[{"href":"https:\/\/www.heldeco.at\/en\/wp-json\/wp\/v2\/types\/page"}],"author":[{"embeddable":true,"href":"https:\/\/www.heldeco.at\/en\/wp-json\/wp\/v2\/users\/1"}],"replies":[{"embeddable":true,"href":"https:\/\/www.heldeco.at\/en\/wp-json\/wp\/v2\/comments?post=2530"}],"version-history":[{"count":10,"href":"https:\/\/www.heldeco.at\/en\/wp-json\/wp\/v2\/pages\/2530\/revisions"}],"predecessor-version":[{"id":4561,"href":"https:\/\/www.heldeco.at\/en\/wp-json\/wp\/v2\/pages\/2530\/revisions\/4561"}],"wp:attachment":[{"href":"https:\/\/www.heldeco.at\/en\/wp-json\/wp\/v2\/media?parent=2530"}],"curies":[{"name":"wp","href":"https:\/\/api.w.org\/{rel}","templated":true}]}}